{"id":49,"date":"2023-10-04T22:17:03","date_gmt":"2023-10-04T20:17:03","guid":{"rendered":"http:\/\/taniec.biurosmedia.atthost24.pl\/?page_id=30"},"modified":"2023-11-09T10:52:20","modified_gmt":"2023-11-09T10:52:20","slug":"o-naszych-produktach","status":"publish","type":"page","link":"https:\/\/ekonamaksa.pl\/en\/o-naszych-produktach\/","title":{"rendered":"About our products"},"content":{"rendered":"<div data-elementor-type=\"wp-page\" data-elementor-id=\"49\" class=\"elementor elementor-49\">\n\t\t\t\t<div class=\"elementor-element elementor-element-bb81863 e-flex e-con-boxed e-con e-parent\" data-id=\"bb81863\" data-element_type=\"container\" data-e-type=\"container\">\n\t\t\t\t\t<div class=\"e-con-inner\">\n\t\t\t\t<div class=\"elementor-element elementor-element-7a60c9a elementor-widget elementor-widget-heading\" data-id=\"7a60c9a\" data-element_type=\"widget\" data-e-type=\"widget\" data-widget_type=\"heading.default\">\n\t\t\t\t<div class=\"elementor-widget-container\">\n\t\t\t\t\t<h1 class=\"elementor-heading-title elementor-size-default\">About our products <\/h1>\t\t\t\t<\/div>\n\t\t\t\t<\/div>\n\t\t\t\t<div class=\"elementor-element elementor-element-7d5e1d7 elementor-widget-divider--view-line elementor-widget elementor-widget-divider\" data-id=\"7d5e1d7\" data-element_type=\"widget\" data-e-type=\"widget\" data-widget_type=\"divider.default\">\n\t\t\t\t<div class=\"elementor-widget-container\">\n\t\t\t\t\t\t\t<div class=\"elementor-divider\">\n\t\t\t<span class=\"elementor-divider-separator\">\n\t\t\t\t\t\t<\/span>\n\t\t<\/div>\n\t\t\t\t\t\t<\/div>\n\t\t\t\t<\/div>\n\t\t\t\t\t<\/div>\n\t\t\t\t<\/div>\n\t\t<div class=\"elementor-element elementor-element-03cb9ec e-flex e-con-boxed e-con e-parent\" data-id=\"03cb9ec\" data-element_type=\"container\" data-e-type=\"container\">\n\t\t\t\t\t<div class=\"e-con-inner\">\n\t\t<div class=\"elementor-element elementor-element-c2b733b e-con-full e-flex e-con e-child\" data-id=\"c2b733b\" data-element_type=\"container\" data-e-type=\"container\" data-settings=\"{&quot;background_background&quot;:&quot;classic&quot;}\">\n\t\t\t\t<div class=\"elementor-element elementor-element-e46dc64 elementor-widget elementor-widget-text-editor\" data-id=\"e46dc64\" data-element_type=\"widget\" data-e-type=\"widget\" data-widget_type=\"text-editor.default\">\n\t\t\t\t<div class=\"elementor-widget-container\">\n\t\t\t\t\t\t\t\t\t<p><strong>Jakie produkty oferuje Eko Chata na Maksa ?<\/strong><\/p><p>Produkty dost\u0119pne w naszym sklepie s\u0105 bardzo r\u00f3\u017cnorodne &#8211; to zar\u00f3wno artyku\u0142y<br \/>spo\u017cywcze, jak i suplementy diety, upominki, kosmetyki, \u015brodki czysto\u015bci oraz wiele innych.<\/p><p>Co je \u0142\u0105czy? &#8211; s\u0105 to produkty:<\/p>\t\t\t\t\t\t\t\t<\/div>\n\t\t\t\t<\/div>\n\t\t\t\t<div class=\"elementor-element elementor-element-0d98665 elementor-icon-list--layout-traditional elementor-list-item-link-full_width elementor-widget elementor-widget-icon-list\" data-id=\"0d98665\" data-element_type=\"widget\" data-e-type=\"widget\" data-widget_type=\"icon-list.default\">\n\t\t\t\t<div class=\"elementor-widget-container\">\n\t\t\t\t\t\t\t<ul class=\"elementor-icon-list-items\">\n\t\t\t\t\t\t\t<li class=\"elementor-icon-list-item\">\n\t\t\t\t\t\t\t\t\t\t\t<span class=\"elementor-icon-list-icon\">\n\t\t\t\t\t\t\t<i aria-hidden=\"true\" class=\"fas fa-leaf\"><\/i>\t\t\t\t\t\t<\/span>\n\t\t\t\t\t\t\t\t\t\t<span class=\"elementor-icon-list-text\">bardzo dobrej jako\u015bci,<\/span>\n\t\t\t\t\t\t\t\t\t<\/li>\n\t\t\t\t\t\t\t\t<li class=\"elementor-icon-list-item\">\n\t\t\t\t\t\t\t\t\t\t\t<span class=\"elementor-icon-list-icon\">\n\t\t\t\t\t\t\t<i aria-hidden=\"true\" class=\"fas fa-leaf\"><\/i>\t\t\t\t\t\t<\/span>\n\t\t\t\t\t\t\t\t\t\t<span class=\"elementor-icon-list-text\">ekologiczne,<\/span>\n\t\t\t\t\t\t\t\t\t<\/li>\n\t\t\t\t\t\t\t\t<li class=\"elementor-icon-list-item\">\n\t\t\t\t\t\t\t\t\t\t\t<span class=\"elementor-icon-list-icon\">\n\t\t\t\t\t\t\t<i aria-hidden=\"true\" class=\"fas fa-leaf\"><\/i>\t\t\t\t\t\t<\/span>\n\t\t\t\t\t\t\t\t\t\t<span class=\"elementor-icon-list-text\">zdrowe i bezpieczne,<\/span>\n\t\t\t\t\t\t\t\t\t<\/li>\n\t\t\t\t\t\t\t\t<li class=\"elementor-icon-list-item\">\n\t\t\t\t\t\t\t\t\t\t\t<span class=\"elementor-icon-list-icon\">\n\t\t\t\t\t\t\t<i aria-hidden=\"true\" class=\"fas fa-leaf\"><\/i>\t\t\t\t\t\t<\/span>\n\t\t\t\t\t\t\t\t\t\t<span class=\"elementor-icon-list-text\">na bazie naturalnych sk\u0142adnik\u00f3w,<\/span>\n\t\t\t\t\t\t\t\t\t<\/li>\n\t\t\t\t\t\t\t\t<li class=\"elementor-icon-list-item\">\n\t\t\t\t\t\t\t\t\t\t\t<span class=\"elementor-icon-list-icon\">\n\t\t\t\t\t\t\t<i aria-hidden=\"true\" class=\"fas fa-leaf\"><\/i>\t\t\t\t\t\t<\/span>\n\t\t\t\t\t\t\t\t\t\t<span class=\"elementor-icon-list-text\">bez konserwant\u00f3w, sztucznych barwnik\u00f3w, wzmacniaczy smaku.<\/span>\n\t\t\t\t\t\t\t\t\t<\/li>\n\t\t\t\t\t\t<\/ul>\n\t\t\t\t\t\t<\/div>\n\t\t\t\t<\/div>\n\t\t\t\t<div class=\"elementor-element elementor-element-abf3549 elementor-widget elementor-widget-text-editor\" data-id=\"abf3549\" data-element_type=\"widget\" data-e-type=\"widget\" data-widget_type=\"text-editor.default\">\n\t\t\t\t<div class=\"elementor-widget-container\">\n\t\t\t\t\t\t\t\t\t<p>Ka\u017cdy z pasjonat\u00f3w zdrowego stylu \u017cycia i ekologii znajdzie dla siebie odpowiedni produkt.<br \/>Dzi\u0119ki produktom z Eko Chaty mo\u017cna je\u015b\u0107 i \u017cy\u0107 zdrowo na Maksa !<\/p>\t\t\t\t\t\t\t\t<\/div>\n\t\t\t\t<\/div>\n\t\t\t\t<div class=\"elementor-element elementor-element-6807507 elementor-widget elementor-widget-text-editor\" data-id=\"6807507\" data-element_type=\"widget\" data-e-type=\"widget\" data-widget_type=\"text-editor.default\">\n\t\t\t\t<div class=\"elementor-widget-container\">\n\t\t\t\t\t\t\t\t\t<p><strong>\u00a0<\/strong><\/p><p><strong>Co cechuje produkty ekologiczne?<\/strong><\/p><p>Produkty ekologiczne charakteryzuj\u0105 si\u0119 kilkoma kluczowymi cechami, kt\u00f3re wyr\u00f3\u017cniaj\u0105 je<\/p><p><span style=\"font-style: inherit; font-weight: inherit;\">spo\u015br\u00f3d innych towar\u00f3w na rynku:<\/span><\/p>\t\t\t\t\t\t\t\t<\/div>\n\t\t\t\t<\/div>\n\t\t\t\t<div class=\"elementor-element elementor-element-60e9dea elementor-icon-list--layout-traditional elementor-list-item-link-full_width elementor-widget elementor-widget-icon-list\" data-id=\"60e9dea\" data-element_type=\"widget\" data-e-type=\"widget\" data-widget_type=\"icon-list.default\">\n\t\t\t\t<div class=\"elementor-widget-container\">\n\t\t\t\t\t\t\t<ul class=\"elementor-icon-list-items\">\n\t\t\t\t\t\t\t<li class=\"elementor-icon-list-item\">\n\t\t\t\t\t\t\t\t\t\t\t<span class=\"elementor-icon-list-icon\">\n\t\t\t\t\t\t\t<i aria-hidden=\"true\" class=\"fas fa-leaf\"><\/i>\t\t\t\t\t\t<\/span>\n\t\t\t\t\t\t\t\t\t\t<span class=\"elementor-icon-list-text\"><b>pozytywny wp\u0142yw na zdrowie konsument\u00f3w  <\/b>-  produkty ekologiczne nie dostarczaj\u0105 do organizmu toksycznych substancji chemicznych i s\u0105 gwarantem dobrego, naturalnego smaku, \u017cywno\u015b\u0107 ekologiczna jest produkowana bez u\u017cycia organizm\u00f3w genetycznie modyfikowanych i nie jest poddawana promieniowaniu jonizuj\u0105cemu,<\/span>\n\t\t\t\t\t\t\t\t\t<\/li>\n\t\t\t\t\t\t\t\t<li class=\"elementor-icon-list-item\">\n\t\t\t\t\t\t\t\t\t\t\t<span class=\"elementor-icon-list-icon\">\n\t\t\t\t\t\t\t<i aria-hidden=\"true\" class=\"fas fa-leaf\"><\/i>\t\t\t\t\t\t<\/span>\n\t\t\t\t\t\t\t\t\t\t<span class=\"elementor-icon-list-text\"><b>brak szkodliwych substancji <\/b>- nie zawieraj\u0105 szkodliwych substancji chemicznych, takich jak pestycydy, herbicydy, ftalany czy parabeny, czy substancje konserwuj\u0105ce b\u0105d\u017a wzmacniaj\u0105ce  smak; przetw\u00f3rstwo ekologiczne opiera si\u0119 zawsze na metodach mechanicznych, fizycznych b\u0105d\u017a fermentacyjnych, nigdy natomiast chemicznych,<\/span>\n\t\t\t\t\t\t\t\t\t<\/li>\n\t\t\t\t\t\t\t\t<li class=\"elementor-icon-list-item\">\n\t\t\t\t\t\t\t\t\t\t\t<span class=\"elementor-icon-list-icon\">\n\t\t\t\t\t\t\t<i aria-hidden=\"true\" class=\"fas fa-leaf\"><\/i>\t\t\t\t\t\t<\/span>\n\t\t\t\t\t\t\t\t\t\t<span class=\"elementor-icon-list-text\"><b>zgodno\u015b\u0107 produktu z okre\u015blonymi standardami ekologicznymi <\/b>- nie zawieraj\u0105 szkodliwych substancji chemicznych, takich jak pestycydy, herbicydy, ftalany czy parabeny, czy substancje konserwuj\u0105ce b\u0105d\u017a wzmacniaj\u0105ce  smak; przetw\u00f3rstwo ekologiczne opiera si\u0119 zawsze na metodach mechanicznych, fizycznych b\u0105d\u017a fermentacyjnych, nigdy natomiast chemicznych potwierdzona certyfikatami i znakami jako\u015bci; najcz\u0119\u015bciej spotykanym oznaczeniem ekologicznych produkt\u00f3w spo\u017cywczych w Unii Europejskiej jest&nbsp;Ekoli\u015b\u0107 <img decoding=\"async\" src=\"http:\/\/ekonamaksa.pl\/wp-content\/uploads\/2023\/10\/3logoUE.png\"> <\/span>\n\t\t\t\t\t\t\t\t\t<\/li>\n\t\t\t\t\t\t\t\t<li class=\"elementor-icon-list-item\">\n\t\t\t\t\t\t\t\t\t\t\t<span class=\"elementor-icon-list-icon\">\n\t\t\t\t\t\t\t<i aria-hidden=\"true\" class=\"fas fa-leaf\"><\/i>\t\t\t\t\t\t<\/span>\n\t\t\t\t\t\t\t\t\t\t<span class=\"elementor-icon-list-text\"><b>zr\u00f3wnowa\u017cone \u017ar\u00f3d\u0142a surowc\u00f3w i niski wp\u0142yw na \u015brodowisko <\/b>- producenci minimalizuj\u0105 wp\u0142yw na \u015brodowisko naturalne odpowiednio pozyskuj\u0105c surowce, ograniczaj\u0105c emisj\u0119 CO2, zu\u017cycie wody i ilo\u015b\u0107 odpad\u00f3w oko\u0142oprodukcyjnych,<\/span>\n\t\t\t\t\t\t\t\t\t<\/li>\n\t\t\t\t\t\t\t\t<li class=\"elementor-icon-list-item\">\n\t\t\t\t\t\t\t\t\t\t\t<span class=\"elementor-icon-list-icon\">\n\t\t\t\t\t\t\t<i aria-hidden=\"true\" class=\"fas fa-leaf\"><\/i>\t\t\t\t\t\t<\/span>\n\t\t\t\t\t\t\t\t\t\t<span class=\"elementor-icon-list-text\"><b>recykling i odnawialne materia\u0142y<\/b> - produkcja produkt\u00f3w ekologicznych cz\u0119sto wykorzystuje recykling oraz odnawialne materia\u0142y, aby zmniejszy\u0107 ilo\u015b\u0107 odpad\u00f3w i wykorzysta\u0107 zasoby w spos\u00f3b zr\u00f3wnowa\u017cony,<\/span>\n\t\t\t\t\t\t\t\t\t<\/li>\n\t\t\t\t\t\t\t\t<li class=\"elementor-icon-list-item\">\n\t\t\t\t\t\t\t\t\t\t\t<span class=\"elementor-icon-list-icon\">\n\t\t\t\t\t\t\t<i aria-hidden=\"true\" class=\"fas fa-leaf\"><\/i>\t\t\t\t\t\t<\/span>\n\t\t\t\t\t\t\t\t\t\t<span class=\"elementor-icon-list-text\"><b>odpowiedzialno\u015b\u0107 spo\u0142eczna<\/b> - produkty ekologiczne niejednokrotnie s\u0105 zwi\u0105zane z inicjatywami spo\u0142ecznymi, takimi jak wsparcie dla lokalnych spo\u0142eczno\u015bci czy programy edukacyjne,<\/span>\n\t\t\t\t\t\t\t\t\t<\/li>\n\t\t\t\t\t\t\t\t<li class=\"elementor-icon-list-item\">\n\t\t\t\t\t\t\t\t\t\t\t<span class=\"elementor-icon-list-icon\">\n\t\t\t\t\t\t\t<i aria-hidden=\"true\" class=\"fas fa-leaf\"><\/i>\t\t\t\t\t\t<\/span>\n\t\t\t\t\t\t\t\t\t\t<span class=\"elementor-icon-list-text\"><b>etyka w produkcji<\/b> - wytwarzanie produkt\u00f3w ekologicznych cz\u0119sto uwzgl\u0119dnia etyczne standardy pracy, takie jak zapewnienie godziwych warunk\u00f3w pracy dla pracownik\u00f3w.<\/span>\n\t\t\t\t\t\t\t\t\t<\/li>\n\t\t\t\t\t\t<\/ul>\n\t\t\t\t\t\t<\/div>\n\t\t\t\t<\/div>\n\t\t\t\t<\/div>\n\t\t\t\t\t<\/div>\n\t\t\t\t<\/div>\n\t\t\t\t<\/div>","protected":false},"excerpt":{"rendered":"<p>O naszych produktach Jakie produkty oferuje Eko Chata na Maksa ? Produkty dost\u0119pne w naszym sklepie s\u0105 bardzo r\u00f3\u017cnorodne &#8211; to zar\u00f3wno artyku\u0142yspo\u017cywcze, jak i suplementy diety, upominki, kosmetyki, \u015brodki czysto\u015bci oraz wiele innych. Co je \u0142\u0105czy? &#8211; s\u0105 to produkty: bardzo dobrej jako\u015bci, ekologiczne, zdrowe i bezpieczne, na bazie naturalnych sk\u0142adnik\u00f3w, bez konserwant\u00f3w, sztucznych [&hellip;]<\/p>\n","protected":false},"author":1,"featured_media":0,"parent":0,"menu_order":0,"comment_status":"closed","ping_status":"closed","template":"","meta":{"site-sidebar-layout":"no-sidebar","site-content-layout":"","ast-site-content-layout":"full-width-container","site-content-style":"default","site-sidebar-style":"default","ast-global-header-display":"","ast-banner-title-visibility":"","ast-main-header-display":"","ast-hfb-above-header-display":"","ast-hfb-below-header-display":"","ast-hfb-mobile-header-display":"","site-post-title":"disabled","ast-breadcrumbs-content":"","ast-featured-img":"disabled","footer-sml-layout":"","ast-disable-related-posts":"","theme-transparent-header-meta":"","adv-header-id-meta":"","stick-header-meta":"","header-above-stick-meta":"","header-main-stick-meta":"","header-below-stick-meta":"","astra-migrate-meta-layouts":"default","ast-page-background-enabled":"default","ast-page-background-meta":{"desktop":{"background-color":"var(--ast-global-color-4)","background-image":"","background-repeat":"repeat","background-position":"center center","background-size":"auto","background-attachment":"scroll","background-type":"","background-media":"","overlay-type":"","overlay-color":"","overlay-opacity":"","overlay-gradient":""},"tablet":{"background-color":"","background-image":"","background-repeat":"repeat","background-position":"center center","background-size":"auto","background-attachment":"scroll","background-type":"","background-media":"","overlay-type":"","overlay-color":"","overlay-opacity":"","overlay-gradient":""},"mobile":{"background-color":"","background-image":"","background-repeat":"repeat","background-position":"center center","background-size":"auto","background-attachment":"scroll","background-type":"","background-media":"","overlay-type":"","overlay-color":"","overlay-opacity":"","overlay-gradient":""}},"ast-content-background-meta":{"desktop":{"background-color":"var(--ast-global-color-5)","background-image":"","background-repeat":"repeat","background-position":"center center","background-size":"auto","background-attachment":"scroll","background-type":"","background-media":"","overlay-type":"","overlay-color":"","overlay-opacity":"","overlay-gradient":""},"tablet":{"background-color":"var(--ast-global-color-5)","background-image":"","background-repeat":"repeat","background-position":"center center","background-size":"auto","background-attachment":"scroll","background-type":"","background-media":"","overlay-type":"","overlay-color":"","overlay-opacity":"","overlay-gradient":""},"mobile":{"background-color":"var(--ast-global-color-5)","background-image":"","background-repeat":"repeat","background-position":"center center","background-size":"auto","background-attachment":"scroll","background-type":"","background-media":"","overlay-type":"","overlay-color":"","overlay-opacity":"","overlay-gradient":""}},"footnotes":""},"class_list":["post-49","page","type-page","status-publish","hentry"],"_links":{"self":[{"href":"https:\/\/ekonamaksa.pl\/en\/wp-json\/wp\/v2\/pages\/49","targetHints":{"allow":["GET"]}}],"collection":[{"href":"https:\/\/ekonamaksa.pl\/en\/wp-json\/wp\/v2\/pages"}],"about":[{"href":"https:\/\/ekonamaksa.pl\/en\/wp-json\/wp\/v2\/types\/page"}],"author":[{"embeddable":true,"href":"https:\/\/ekonamaksa.pl\/en\/wp-json\/wp\/v2\/users\/1"}],"replies":[{"embeddable":true,"href":"https:\/\/ekonamaksa.pl\/en\/wp-json\/wp\/v2\/comments?post=49"}],"version-history":[{"count":9,"href":"https:\/\/ekonamaksa.pl\/en\/wp-json\/wp\/v2\/pages\/49\/revisions"}],"predecessor-version":[{"id":1243,"href":"https:\/\/ekonamaksa.pl\/en\/wp-json\/wp\/v2\/pages\/49\/revisions\/1243"}],"wp:attachment":[{"href":"https:\/\/ekonamaksa.pl\/en\/wp-json\/wp\/v2\/media?parent=49"}],"curies":[{"name":"wp","href":"https:\/\/api.w.org\/{rel}","templated":true}]}}