{"id":47,"date":"2023-10-04T22:16:34","date_gmt":"2023-10-04T20:16:34","guid":{"rendered":"http:\/\/taniec.biurosmedia.atthost24.pl\/?page_id=26"},"modified":"2023-11-08T11:39:31","modified_gmt":"2023-11-08T11:39:31","slug":"o-nas","status":"publish","type":"page","link":"https:\/\/ekonamaksa.pl\/en\/o-nas\/","title":{"rendered":"About us"},"content":{"rendered":"<div data-elementor-type=\"wp-page\" data-elementor-id=\"47\" class=\"elementor elementor-47\">\n\t\t\t\t<div class=\"elementor-element elementor-element-4b19e8c e-flex e-con-boxed e-con e-parent\" data-id=\"4b19e8c\" data-element_type=\"container\" data-e-type=\"container\">\n\t\t\t\t\t<div class=\"e-con-inner\">\n\t\t\t\t<div class=\"elementor-element elementor-element-73826d8 elementor-widget elementor-widget-heading\" data-id=\"73826d8\" data-element_type=\"widget\" data-e-type=\"widget\" data-widget_type=\"heading.default\">\n\t\t\t\t<div class=\"elementor-widget-container\">\n\t\t\t\t\t<h1 class=\"elementor-heading-title elementor-size-default\">About us<\/h1>\t\t\t\t<\/div>\n\t\t\t\t<\/div>\n\t\t\t\t<div class=\"elementor-element elementor-element-aa9b232 elementor-widget-divider--view-line elementor-widget elementor-widget-divider\" data-id=\"aa9b232\" data-element_type=\"widget\" data-e-type=\"widget\" data-widget_type=\"divider.default\">\n\t\t\t\t<div class=\"elementor-widget-container\">\n\t\t\t\t\t\t\t<div class=\"elementor-divider\">\n\t\t\t<span class=\"elementor-divider-separator\">\n\t\t\t\t\t\t<\/span>\n\t\t<\/div>\n\t\t\t\t\t\t<\/div>\n\t\t\t\t<\/div>\n\t\t\t\t\t<\/div>\n\t\t\t\t<\/div>\n\t\t<div class=\"elementor-element elementor-element-a2328a8 e-flex e-con-boxed e-con e-parent\" data-id=\"a2328a8\" data-element_type=\"container\" data-e-type=\"container\">\n\t\t\t\t\t<div class=\"e-con-inner\">\n\t\t<div class=\"elementor-element elementor-element-2bc9261 e-con-full e-flex e-con e-child\" data-id=\"2bc9261\" data-element_type=\"container\" data-e-type=\"container\" data-settings=\"{&quot;background_background&quot;:&quot;classic&quot;}\">\n\t\t\t\t<div class=\"elementor-element elementor-element-ff53a15 elementor-widget elementor-widget-text-editor\" data-id=\"ff53a15\" data-element_type=\"widget\" data-e-type=\"widget\" data-widget_type=\"text-editor.default\">\n\t\t\t\t<div class=\"elementor-widget-container\">\n\t\t\t\t\t\t\t\t\t<p>Eko Chata na Maksa to sklep zar\u00f3wno internetowy, jak i stacjonarny, kt\u00f3ry oferuje produkty najwy\u017cszej jako\u015bci maj\u0105c na uwadze szczeg\u00f3ln\u0105 trosk\u0119 o zdrowie i bezpiecze\u0144stwo naszych klient\u00f3w, a tak\u017ce dba\u0142o\u015b\u0107 o \u015brodowisko.\u00a0<\/p><p>Eko Chata na Maksa jest prowadzona przez przedsi\u0119biorstwo spo\u0142eczne EKO NA MAKSA sp. z o.o.,<br \/>dzia\u0142aj\u0105ce w obszarze szeroko rozumianej ekologii, zr\u00f3wnowa\u017conego rozwoju oraz zielonego \u0142adu. Misj\u0105 przedsi\u0119biorstwa jest realizowanie us\u0142ug spo\u0142ecznych w zakresie promocji zdrowego stylu \u017cycia, edukacji prozdrowotnej i proekologicznej oraz reintegracja spo\u0142eczno-zawodowa zapobiegaj\u0105ca wykluczeniu.<\/p><p>EKO NA MAKSA , to dynamicznie rozwijaj\u0105ce si\u0119 przedsi\u0119biorstwo o szerokiej, wielokierunkowej\u00a0<span style=\"font-style: inherit; font-weight: inherit;\">perspektywie. Pr\u00f3cz dzia\u0142alno\u015bci sprzeda\u017cowej wdra\u017ca kolejne ga\u0142\u0119zie dzia\u0142alno\u015bci oraz us\u0142ug\u00a0<\/span><span style=\"font-style: inherit; font-weight: inherit;\">spo\u0142ecznych. W\u015br\u00f3d nich s\u0105: warsztaty ekologiczne i prozdrowotne dla plac\u00f3wek o\u015bwiatowych,\u00a0<\/span><span style=\"font-style: inherit; font-weight: inherit;\">organizowanie spotka\u0144 i prelekcji ze specjalistami dla doros\u0142ych, jako forma permanentnej edukacji\u00a0<\/span><span style=\"font-style: inherit; font-weight: inherit;\">spo\u0142ecznej, mobilna dzia\u0142alno\u015b\u0107 gastronomiczna \u2013 Eko slow food truckiem przez Polsk\u0119.<\/span><\/p><p><span style=\"font-style: inherit; font-weight: inherit;\">\u00a0<\/span><\/p><p><b>Czym kierujemy si\u0119 w naszej dzia\u0142alno\u015bci?<\/b><\/p>\t\t\t\t\t\t\t\t<\/div>\n\t\t\t\t<\/div>\n\t\t\t\t<div class=\"elementor-element elementor-element-deb8348 elementor-icon-list--layout-traditional elementor-list-item-link-full_width elementor-widget elementor-widget-icon-list\" data-id=\"deb8348\" data-element_type=\"widget\" data-e-type=\"widget\" data-widget_type=\"icon-list.default\">\n\t\t\t\t<div class=\"elementor-widget-container\">\n\t\t\t\t\t\t\t<ul class=\"elementor-icon-list-items\">\n\t\t\t\t\t\t\t<li class=\"elementor-icon-list-item\">\n\t\t\t\t\t\t\t\t\t\t\t<span class=\"elementor-icon-list-icon\">\n\t\t\t\t\t\t\t<i aria-hidden=\"true\" class=\"fas fa-leaf\"><\/i>\t\t\t\t\t\t<\/span>\n\t\t\t\t\t\t\t\t\t\t<span class=\"elementor-icon-list-text\">zasad\u0105 dost\u0119pno\u015bci \u2013 pragniemy zapewni\u0107 jak najszerszemu gronu odbiorc\u00f3w dost\u0119p do istotnych informacji w zakresie zdrowego stylu \u017cycia i ekologii oraz do produkt\u00f3w ekologicznych, <\/span>\n\t\t\t\t\t\t\t\t\t<\/li>\n\t\t\t\t\t\t\t\t<li class=\"elementor-icon-list-item\">\n\t\t\t\t\t\t\t\t\t\t\t<span class=\"elementor-icon-list-icon\">\n\t\t\t\t\t\t\t<i aria-hidden=\"true\" class=\"fas fa-leaf\"><\/i>\t\t\t\t\t\t<\/span>\n\t\t\t\t\t\t\t\t\t\t<span class=\"elementor-icon-list-text\">zasad\u0105 zr\u00f3wnowa\u017conego rozwoju, kieruj\u0105c nasz\u0105 ofert\u0119 i dzia\u0142ania r\u00f3wnie\u017c do mieszka\u0144c\u00f3w obszar\u00f3w wiejskich, tak\u017ce w zakresie tworzenia miejsc pracy maj\u0105c na uwadze, \u017ce s\u0105 oni szczeg\u00f3lnie zagro\u017ceni ub\u00f3stwem oraz wykluczeniem spo\u0142eczno-zawodowym,<\/span>\n\t\t\t\t\t\t\t\t\t<\/li>\n\t\t\t\t\t\t\t\t<li class=\"elementor-icon-list-item\">\n\t\t\t\t\t\t\t\t\t\t\t<span class=\"elementor-icon-list-icon\">\n\t\t\t\t\t\t\t<i aria-hidden=\"true\" class=\"fas fa-leaf\"><\/i>\t\t\t\t\t\t<\/span>\n\t\t\t\t\t\t\t\t\t\t<span class=\"elementor-icon-list-text\">zasad\u0105 \u201ezero waste\u201d \u2013 pr\u00f3cz us\u0142ugi sprzeda\u017cowej budowanie ga\u0142\u0119zi us\u0142ug gastronomicznych, przyczyniaj\u0105c si\u0119 do zmniejszenia strat \u017cywno\u015bciowych, upowszechniaj\u0105c zr\u00f3wnowa\u017con\u0105 konsumpcj\u0119, a tak\u017ce podejmowanie dzia\u0142a\u0144 edukacyjnych w tym zakresie,<\/span>\n\t\t\t\t\t\t\t\t\t<\/li>\n\t\t\t\t\t\t\t\t<li class=\"elementor-icon-list-item\">\n\t\t\t\t\t\t\t\t\t\t\t<span class=\"elementor-icon-list-icon\">\n\t\t\t\t\t\t\t<i aria-hidden=\"true\" class=\"fas fa-leaf\"><\/i>\t\t\t\t\t\t<\/span>\n\t\t\t\t\t\t\t\t\t\t<span class=\"elementor-icon-list-text\">zasad\u0105 upowszechniania zdrowego stylu \u017cywienia \u201eslow food\u201d na bazie produkt\u00f3w ekologicznych \u2013 wdra\u017canie na rynek us\u0142ugowy stacjonarnego punktu sprzeda\u017cowego zlokalizowanego w obszarze wiejskim, sklepu internetowego oraz mobilnego punktu gastronomicznego Eko slow food truck,<\/span>\n\t\t\t\t\t\t\t\t\t<\/li>\n\t\t\t\t\t\t\t\t<li class=\"elementor-icon-list-item\">\n\t\t\t\t\t\t\t\t\t\t\t<span class=\"elementor-icon-list-icon\">\n\t\t\t\t\t\t\t<i aria-hidden=\"true\" class=\"fas fa-leaf\"><\/i>\t\t\t\t\t\t<\/span>\n\t\t\t\t\t\t\t\t\t\t<span class=\"elementor-icon-list-text\">zasad\u0105 zr\u00f3wnowa\u017conego gospodarowania odpadami \u2013 wyposa\u017cenie stacjonarnego punktu obs\u0142ugi klient\u00f3w w pojemniki do gromadzenia surowc\u00f3w wt\u00f3rnych,<\/span>\n\t\t\t\t\t\t\t\t\t<\/li>\n\t\t\t\t\t\t\t\t<li class=\"elementor-icon-list-item\">\n\t\t\t\t\t\t\t\t\t\t\t<span class=\"elementor-icon-list-icon\">\n\t\t\t\t\t\t\t<i aria-hidden=\"true\" class=\"fas fa-leaf\"><\/i>\t\t\t\t\t\t<\/span>\n\t\t\t\t\t\t\t\t\t\t<span class=\"elementor-icon-list-text\">zasad\u0105 maksymalizacji ekologicznego stylu \u017cycia, kt\u00f3ry uwzgl\u0119dnia zdrowe i ekologiczne od\u017cywianie, funkcjonowanie, wykorzystanie odnawialnych \u017ar\u00f3de\u0142 energii oraz naturalnych, ekologicznych i bezpiecznych materia\u0142\u00f3w w gospodarstwie domowym i budownictwie.<\/span>\n\t\t\t\t\t\t\t\t\t<\/li>\n\t\t\t\t\t\t<\/ul>\n\t\t\t\t\t\t<\/div>\n\t\t\t\t<\/div>\n\t\t\t\t<\/div>\n\t\t\t\t\t<\/div>\n\t\t\t\t<\/div>\n\t\t\t\t<\/div>","protected":false},"excerpt":{"rendered":"<p>O nas Eko Chata na Maksa to sklep zar\u00f3wno internetowy, jak i stacjonarny, kt\u00f3ry oferuje produkty najwy\u017cszej jako\u015bci maj\u0105c na uwadze szczeg\u00f3ln\u0105 trosk\u0119 o zdrowie i bezpiecze\u0144stwo naszych klient\u00f3w, a tak\u017ce dba\u0142o\u015b\u0107 o \u015brodowisko.\u00a0 Eko Chata na Maksa jest prowadzona przez przedsi\u0119biorstwo spo\u0142eczne EKO NA MAKSA sp. z o.o.,dzia\u0142aj\u0105ce w obszarze szeroko rozumianej ekologii, zr\u00f3wnowa\u017conego [&hellip;]<\/p>\n","protected":false},"author":1,"featured_media":0,"parent":0,"menu_order":0,"comment_status":"closed","ping_status":"closed","template":"","meta":{"site-sidebar-layout":"no-sidebar","site-content-layout":"","ast-site-content-layout":"full-width-container","site-content-style":"default","site-sidebar-style":"default","ast-global-header-display":"","ast-banner-title-visibility":"","ast-main-header-display":"","ast-hfb-above-header-display":"","ast-hfb-below-header-display":"","ast-hfb-mobile-header-display":"","site-post-title":"disabled","ast-breadcrumbs-content":"","ast-featured-img":"disabled","footer-sml-layout":"","ast-disable-related-posts":"","theme-transparent-header-meta":"","adv-header-id-meta":"","stick-header-meta":"","header-above-stick-meta":"","header-main-stick-meta":"","header-below-stick-meta":"","astra-migrate-meta-layouts":"default","ast-page-background-enabled":"default","ast-page-background-meta":{"desktop":{"background-color":"var(--ast-global-color-4)","background-image":"","background-repeat":"repeat","background-position":"center center","background-size":"auto","background-attachment":"scroll","background-type":"","background-media":"","overlay-type":"","overlay-color":"","overlay-opacity":"","overlay-gradient":""},"tablet":{"background-color":"","background-image":"","background-repeat":"repeat","background-position":"center center","background-size":"auto","background-attachment":"scroll","background-type":"","background-media":"","overlay-type":"","overlay-color":"","overlay-opacity":"","overlay-gradient":""},"mobile":{"background-color":"","background-image":"","background-repeat":"repeat","background-position":"center center","background-size":"auto","background-attachment":"scroll","background-type":"","background-media":"","overlay-type":"","overlay-color":"","overlay-opacity":"","overlay-gradient":""}},"ast-content-background-meta":{"desktop":{"background-color":"var(--ast-global-color-5)","background-image":"","background-repeat":"repeat","background-position":"center center","background-size":"auto","background-attachment":"scroll","background-type":"","background-media":"","overlay-type":"","overlay-color":"","overlay-opacity":"","overlay-gradient":""},"tablet":{"background-color":"var(--ast-global-color-5)","background-image":"","background-repeat":"repeat","background-position":"center center","background-size":"auto","background-attachment":"scroll","background-type":"","background-media":"","overlay-type":"","overlay-color":"","overlay-opacity":"","overlay-gradient":""},"mobile":{"background-color":"var(--ast-global-color-5)","background-image":"","background-repeat":"repeat","background-position":"center center","background-size":"auto","background-attachment":"scroll","background-type":"","background-media":"","overlay-type":"","overlay-color":"","overlay-opacity":"","overlay-gradient":""}},"footnotes":""},"class_list":["post-47","page","type-page","status-publish","hentry"],"_links":{"self":[{"href":"https:\/\/ekonamaksa.pl\/en\/wp-json\/wp\/v2\/pages\/47","targetHints":{"allow":["GET"]}}],"collection":[{"href":"https:\/\/ekonamaksa.pl\/en\/wp-json\/wp\/v2\/pages"}],"about":[{"href":"https:\/\/ekonamaksa.pl\/en\/wp-json\/wp\/v2\/types\/page"}],"author":[{"embeddable":true,"href":"https:\/\/ekonamaksa.pl\/en\/wp-json\/wp\/v2\/users\/1"}],"replies":[{"embeddable":true,"href":"https:\/\/ekonamaksa.pl\/en\/wp-json\/wp\/v2\/comments?post=47"}],"version-history":[{"count":18,"href":"https:\/\/ekonamaksa.pl\/en\/wp-json\/wp\/v2\/pages\/47\/revisions"}],"predecessor-version":[{"id":1239,"href":"https:\/\/ekonamaksa.pl\/en\/wp-json\/wp\/v2\/pages\/47\/revisions\/1239"}],"wp:attachment":[{"href":"https:\/\/ekonamaksa.pl\/en\/wp-json\/wp\/v2\/media?parent=47"}],"curies":[{"name":"wp","href":"https:\/\/api.w.org\/{rel}","templated":true}]}}