{"id":111,"date":"2023-10-05T09:09:20","date_gmt":"2023-10-05T07:09:20","guid":{"rendered":"http:\/\/ekonamaksa.pl\/?page_id=111"},"modified":"2023-10-13T06:36:25","modified_gmt":"2023-10-13T06:36:25","slug":"zwroty-i-reklamacje","status":"publish","type":"page","link":"https:\/\/ekonamaksa.pl\/en\/zwroty-i-reklamacje\/","title":{"rendered":"Returns and complaints"},"content":{"rendered":"<div data-elementor-type=\"wp-page\" data-elementor-id=\"111\" class=\"elementor elementor-111\">\n\t\t\t\t<div class=\"elementor-element elementor-element-4392303 e-flex e-con-boxed e-con e-parent\" data-id=\"4392303\" data-element_type=\"container\" data-e-type=\"container\" data-settings=\"{&quot;background_background&quot;:&quot;classic&quot;}\">\n\t\t\t\t\t<div class=\"e-con-inner\">\n\t\t\t\t<div class=\"elementor-element elementor-element-353a1e3 elementor-widget elementor-widget-heading\" data-id=\"353a1e3\" data-element_type=\"widget\" data-e-type=\"widget\" data-widget_type=\"heading.default\">\n\t\t\t\t<div class=\"elementor-widget-container\">\n\t\t\t\t\t<h1 class=\"elementor-heading-title elementor-size-default\">Returns and complaints<\/h1>\t\t\t\t<\/div>\n\t\t\t\t<\/div>\n\t\t\t\t<div class=\"elementor-element elementor-element-ffdaeb1 elementor-widget-divider--view-line elementor-widget elementor-widget-divider\" data-id=\"ffdaeb1\" data-element_type=\"widget\" data-e-type=\"widget\" data-widget_type=\"divider.default\">\n\t\t\t\t<div class=\"elementor-widget-container\">\n\t\t\t\t\t\t\t<div class=\"elementor-divider\">\n\t\t\t<span class=\"elementor-divider-separator\">\n\t\t\t\t\t\t<\/span>\n\t\t<\/div>\n\t\t\t\t\t\t<\/div>\n\t\t\t\t<\/div>\n\t\t\t\t<div class=\"elementor-element elementor-element-36d08ff elementor-widget elementor-widget-text-editor\" data-id=\"36d08ff\" data-element_type=\"widget\" data-e-type=\"widget\" data-widget_type=\"text-editor.default\">\n\t\t\t\t<div class=\"elementor-widget-container\">\n\t\t\t\t\t\t\t\t\t<p>Masz mo\u017cliwo\u015b\u0107 zrezygnowania z umowy, wystarczy, \u017ce z\u0142o\u017cysz o\u015bwiadczenie o rezygnacji za po\u015brednictwem naszego formularza kontaktowego poni\u017cej lub wy\u015blesz je na adres e-mail: <a href=\"mailto:sklep@ekonamaksa.pl\" target=\"_new\">sklep@ekonamaksa.pl<\/a>. Oczywi\u015bcie, mo\u017cesz tak\u017ce skontaktowa\u0107 si\u0119 z nami telefonicznie pod numerem +48 513 579 697.<\/p>\n<p>Masz pe\u0142ne 14 dni od daty z\u0142o\u017cenia zam\u00f3wienia, by podj\u0105\u0107 decyzj\u0119 o zwrocie, bez konieczno\u015bci podawania przyczyny. Przy rezygnacji z zam\u00f3wienia nie zostan\u0105 naliczone dodatkowe koszty zwi\u0105zane z dostaw\u0105 zwrotn\u0105.<\/p>\n<p>Aby zwr\u00f3ci\u0107 zakupiony towar, musisz dostarczy\u0107 go do naszego punktu zwrotu niezw\u0142ocznie, jednak nie p\u00f3\u017aniej ni\u017c 14 dni od daty odst\u0105pienia od umowy.<\/p>\n<p>Wszelkie wp\u0142aty dokonane przez Ciebie, w tym koszty dostawy, zostan\u0105 zwr\u00f3cone w ci\u0105gu 14 dni od momentu otrzymania od Ciebie o\u015bwiadczenia o rezygnacji, zgodnie z warunkami opisanymi w regulaminie.<\/p>\n<p><b>Warto pami\u0119ta\u0107, \u017ce prawo do rezygnacji od umowy zawartej na odleg\u0142o\u015b\u0107 nie obowi\u0105zuje w pewnych przypadkach, m.in. w odniesieniu do um\u00f3w dotycz\u0105cych:<\/b><\/p>\n<ol>\n<li>Produkt\u00f3w, kt\u00f3re mog\u0105 szybko ulec zepsuciu lub maj\u0105 kr\u00f3tki okres przydatno\u015bci, w tym produkt\u00f3w obj\u0119tych wyprzeda\u017c\u0105.<\/li>\n<li>Produkt\u00f3w dostarczanych w opakowaniach zapiecz\u0119towanych, kt\u00f3rych otwarcie uniemo\u017cliwia zwrot ze wzgl\u0119du na zdrowie lub higien\u0119, je\u015bli opakowanie zosta\u0142o otwarte po dostarczeniu.<\/li>\n<li>Um\u00f3w, kt\u00f3rych cena lub wynagrodzenie zale\u017cy od waha\u0144 na rynku finansowym, nad kt\u00f3rymi sprzedawca nie ma kontroli i kt\u00f3re mog\u0105 wyst\u0105pi\u0107 przed up\u0142ywem terminu do rezygnacji.<\/li>\n<li>Produkt\u00f3w niestandardowych, wyprodukowanych wed\u0142ug Twoich specyfikacji lub dostosowanych do Twoich indywidualnych potrzeb.<\/li>\n<li>Produkt\u00f3w, kt\u00f3re po dostarczeniu staj\u0105 si\u0119 nieroz\u0142\u0105czn\u0105 cz\u0119\u015bci\u0105 innych produkt\u00f3w ze wzgl\u0119du na ich charakter.<\/li>\n<li>Nagrania d\u017awi\u0119kowe, wizualne lub oprogramowanie komputerowe dostarczane w zapiecz\u0119towanych opakowaniach, o ile opakowanie zosta\u0142o otwarte po dostarczeniu.<\/li>\n<li>Dostarczania tre\u015bci cyfrowych, kt\u00f3re nie s\u0105 przechowywane na fizycznym no\u015bniku, je\u015bli spe\u0142nianie \u015bwiadczenia rozpocz\u0119\u0142o si\u0119 za wyra\u017an\u0105 zgod\u0105 Konsumenta przed up\u0142ywem terminu do rezygnacji i po poinformowaniu go przez przedsi\u0119biorc\u0119 o utracie prawa do rezygnacji od umowy.<\/li>\n<\/ol>\n<p>Pe\u0142ne informacje dotycz\u0105ce prawa do rezygnacji od umowy znajdziesz w naszym regulaminie.<\/p>\n<p>Je\u015bli masz jakiekolwiek problemy z zam\u00f3wieniem, takie jak b\u0142\u0105d w ilo\u015bci produkt\u00f3w, wadliwe dostarczone produkty lub inne niezadowolenie z zakupionych towar\u00f3w, skontaktuj si\u0119 z nami za pomoc\u0105 formularza kontaktowego poni\u017cej lub zadzwo\u0144.<\/p>\n<p>Wszelkie reklamacje zwi\u0105zane z zam\u00f3wieniem zostan\u0105 rozpatrzone w ci\u0105gu 7 dni.<\/p>\t\t\t\t\t\t\t\t<\/div>\n\t\t\t\t<\/div>\n\t\t\t\t\t<\/div>\n\t\t\t\t<\/div>\n\t\t\t\t<\/div>","protected":false},"excerpt":{"rendered":"<p>Zwroty i reklamacje Masz mo\u017cliwo\u015b\u0107 zrezygnowania z umowy, wystarczy, \u017ce z\u0142o\u017cysz o\u015bwiadczenie o rezygnacji za po\u015brednictwem naszego formularza kontaktowego poni\u017cej lub wy\u015blesz je na adres e-mail: sklep@ekonamaksa.pl. Oczywi\u015bcie, mo\u017cesz tak\u017ce skontaktowa\u0107 si\u0119 z nami telefonicznie pod numerem +48 513 579 697. Masz pe\u0142ne 14 dni od daty z\u0142o\u017cenia zam\u00f3wienia, by podj\u0105\u0107 decyzj\u0119 o zwrocie, bez [&hellip;]<\/p>\n","protected":false},"author":1,"featured_media":0,"parent":0,"menu_order":0,"comment_status":"closed","ping_status":"closed","template":"","meta":{"site-sidebar-layout":"no-sidebar","site-content-layout":"","ast-site-content-layout":"full-width-container","site-content-style":"default","site-sidebar-style":"default","ast-global-header-display":"","ast-banner-title-visibility":"","ast-main-header-display":"","ast-hfb-above-header-display":"","ast-hfb-below-header-display":"","ast-hfb-mobile-header-display":"","site-post-title":"disabled","ast-breadcrumbs-content":"","ast-featured-img":"disabled","footer-sml-layout":"","ast-disable-related-posts":"","theme-transparent-header-meta":"","adv-header-id-meta":"","stick-header-meta":"","header-above-stick-meta":"","header-main-stick-meta":"","header-below-stick-meta":"","astra-migrate-meta-layouts":"default","ast-page-background-enabled":"default","ast-page-background-meta":{"desktop":{"background-color":"var(--ast-global-color-4)","background-image":"","background-repeat":"repeat","background-position":"center center","background-size":"auto","background-attachment":"scroll","background-type":"","background-media":"","overlay-type":"","overlay-color":"","overlay-opacity":"","overlay-gradient":""},"tablet":{"background-color":"","background-image":"","background-repeat":"repeat","background-position":"center center","background-size":"auto","background-attachment":"scroll","background-type":"","background-media":"","overlay-type":"","overlay-color":"","overlay-opacity":"","overlay-gradient":""},"mobile":{"background-color":"","background-image":"","background-repeat":"repeat","background-position":"center center","background-size":"auto","background-attachment":"scroll","background-type":"","background-media":"","overlay-type":"","overlay-color":"","overlay-opacity":"","overlay-gradient":""}},"ast-content-background-meta":{"desktop":{"background-color":"var(--ast-global-color-5)","background-image":"","background-repeat":"repeat","background-position":"center center","background-size":"auto","background-attachment":"scroll","background-type":"","background-media":"","overlay-type":"","overlay-color":"","overlay-opacity":"","overlay-gradient":""},"tablet":{"background-color":"var(--ast-global-color-5)","background-image":"","background-repeat":"repeat","background-position":"center center","background-size":"auto","background-attachment":"scroll","background-type":"","background-media":"","overlay-type":"","overlay-color":"","overlay-opacity":"","overlay-gradient":""},"mobile":{"background-color":"var(--ast-global-color-5)","background-image":"","background-repeat":"repeat","background-position":"center center","background-size":"auto","background-attachment":"scroll","background-type":"","background-media":"","overlay-type":"","overlay-color":"","overlay-opacity":"","overlay-gradient":""}},"footnotes":""},"class_list":["post-111","page","type-page","status-publish","hentry"],"_links":{"self":[{"href":"https:\/\/ekonamaksa.pl\/en\/wp-json\/wp\/v2\/pages\/111","targetHints":{"allow":["GET"]}}],"collection":[{"href":"https:\/\/ekonamaksa.pl\/en\/wp-json\/wp\/v2\/pages"}],"about":[{"href":"https:\/\/ekonamaksa.pl\/en\/wp-json\/wp\/v2\/types\/page"}],"author":[{"embeddable":true,"href":"https:\/\/ekonamaksa.pl\/en\/wp-json\/wp\/v2\/users\/1"}],"replies":[{"embeddable":true,"href":"https:\/\/ekonamaksa.pl\/en\/wp-json\/wp\/v2\/comments?post=111"}],"version-history":[{"count":3,"href":"https:\/\/ekonamaksa.pl\/en\/wp-json\/wp\/v2\/pages\/111\/revisions"}],"predecessor-version":[{"id":942,"href":"https:\/\/ekonamaksa.pl\/en\/wp-json\/wp\/v2\/pages\/111\/revisions\/942"}],"wp:attachment":[{"href":"https:\/\/ekonamaksa.pl\/en\/wp-json\/wp\/v2\/media?parent=111"}],"curies":[{"name":"wp","href":"https:\/\/api.w.org\/{rel}","templated":true}]}}