{"id":109,"date":"2023-10-05T09:09:08","date_gmt":"2023-10-05T07:09:08","guid":{"rendered":"http:\/\/ekonamaksa.pl\/?page_id=109"},"modified":"2023-10-13T06:55:00","modified_gmt":"2023-10-13T06:55:00","slug":"dostawa-i-koszty","status":"publish","type":"page","link":"https:\/\/ekonamaksa.pl\/en\/dostawa-i-koszty\/","title":{"rendered":"Delivery costs"},"content":{"rendered":"<div data-elementor-type=\"wp-page\" data-elementor-id=\"109\" class=\"elementor elementor-109\">\n\t\t\t\t<div class=\"elementor-element elementor-element-1b6fece e-flex e-con-boxed e-con e-parent\" data-id=\"1b6fece\" data-element_type=\"container\" data-e-type=\"container\" data-settings=\"{&quot;background_background&quot;:&quot;classic&quot;}\">\n\t\t\t\t\t<div class=\"e-con-inner\">\n\t\t\t\t<div class=\"elementor-element elementor-element-722f446 elementor-widget elementor-widget-heading\" data-id=\"722f446\" data-element_type=\"widget\" data-e-type=\"widget\" data-widget_type=\"heading.default\">\n\t\t\t\t<div class=\"elementor-widget-container\">\n\t\t\t\t\t<h1 class=\"elementor-heading-title elementor-size-default\">Privacy policy<\/h1>\t\t\t\t<\/div>\n\t\t\t\t<\/div>\n\t\t\t\t<div class=\"elementor-element elementor-element-c8c8594 elementor-widget-divider--view-line elementor-widget elementor-widget-divider\" data-id=\"c8c8594\" data-element_type=\"widget\" data-e-type=\"widget\" data-widget_type=\"divider.default\">\n\t\t\t\t<div class=\"elementor-widget-container\">\n\t\t\t\t\t\t\t<div class=\"elementor-divider\">\n\t\t\t<span class=\"elementor-divider-separator\">\n\t\t\t\t\t\t<\/span>\n\t\t<\/div>\n\t\t\t\t\t\t<\/div>\n\t\t\t\t<\/div>\n\t\t\t\t<div class=\"elementor-element elementor-element-9ce0dc4 elementor-widget elementor-widget-text-editor\" data-id=\"9ce0dc4\" data-element_type=\"widget\" data-e-type=\"widget\" data-widget_type=\"text-editor.default\">\n\t\t\t\t<div class=\"elementor-widget-container\">\n\t\t\t\t\t\t\t\t\t<h5><table style=\"font-size: 17px; font-style: inherit; font-weight: inherit; color: rgb(56, 26, 26); font-family: Roboto, sans-serif; text-align: var(--text-align); letter-spacing: 1px;\"><thead><tr><th data-align=\"center\">SPOS\u00d3B DOSTAWY<\/th><th data-align=\"center\">PRZEDP\u0141ATA<br>( P\u0141ATNO\u015a\u0106 ONLINE)<\/th><th data-align=\"center\">POBRANIE<\/th><th data-align=\"center\">CZAS DOSTARCZENIA<\/th><\/tr><\/thead><tbody><tr><td data-align=\"center\"><img decoding=\"async\" src=\"https:\/\/narzedzia.biurosmedia.atthost24.pl\/wp-content\/uploads\/2020\/09\/3947daf645e367b76b24ae06ff50bedf.jpg\" alt=\"\"><br>Paczkomaty<\/td><td data-align=\"center\">16,00 z\u0142<\/td><td data-align=\"center\">\u2013<\/td><td data-align=\"center\">&nbsp;48h<\/td><\/tr><tr><td data-align=\"center\"><img decoding=\"async\" src=\"https:\/\/narzedzia.biurosmedia.atthost24.pl\/wp-content\/uploads\/2020\/09\/pobrane.png\" alt=\"\"><br>Kurier Inpost<\/td><td data-align=\"center\">18,00 z\u0142<\/td><td data-align=\"center\">25,00 z\u0142<\/td><td data-align=\"center\">24h<\/td><\/tr><\/tbody><\/table><\/h5>\n<h5><br><\/h5><h5><b>Czas realizacji zam\u00f3wienia<\/b><\/h5>\n<p>Natychmiast po z\u0142o\u017ceniu przez Ciebie zam\u00f3wienia otrzymasz e-mail z potwierdzeniem z\u0142o\u017conego zam\u00f3wienia i linkiem, w kt\u00f3ry nale\u017cy klikn\u0105\u0107. Po otrzymaniu akceptacji zam\u00f3wienia rozpoczynamy jego realizacj\u0119, a Ty b\u0119dziesz na bie\u017c\u0105co informowany o post\u0119pie naszych prac.<\/p>\n<p><strong>Termin otrzymania paczki = termin wysy\u0142ki + czas dostawy<\/strong><\/p>\n<p>Termin wysy\u0142ki wynika z&nbsp;<strong>dost\u0119pno\u015bci produkt\u00f3w<\/strong>&nbsp;i wybranej&nbsp;<strong>formy p\u0142atno\u015bci<\/strong>, podczas gdy czas dostawy zale\u017cy od wybranej przez Ciebie&nbsp;<strong>formy dostawy<\/strong>.<\/p>\n<h5><br><\/h5><h5><b>Dost\u0119pno\u015b\u0107 produkt\u00f3w<\/b><\/h5>\n<p>Przy ka\u017cdym produkcie jest podany termin, kt\u00f3ry opisuje, kiedy produkty mog\u0105 zosta\u0107 przez nas wys\u0142ane . Dok\u0142adamy wszelkich stara\u0144, aby oferta prezentowana na stronie odpowiada\u0142a realnym stanom magazynowym, mo\u017ce si\u0119 jednak zdarzy\u0107, \u017ce faktyczny czas dostawy si\u0119 przed\u0142u\u017cy \u2013 poinformujemy o tym niezw\u0142ocznie.<\/p>\n<p>Je\u017celi zamawiasz wi\u0119ksz\u0105 liczb\u0119 produkt\u00f3w, czas wysy\u0142ki ca\u0142ego zam\u00f3wienia jest dopasowany do produktu o najd\u0142u\u017cszym czasie wysy\u0142ki.&nbsp;Mo\u017cna zrealizowa\u0107 zam\u00f3wienie etapami \u2013 w tym celu skontaktuj si\u0119 z nami lub wpisz odpowiedni\u0105 adnotacj\u0119 w uwagach do zam\u00f3wienia.<\/p>\n<h5><br><\/h5><h5><b>Forma p\u0142atno\u015bci<\/b><\/h5>\n<p><strong>P\u0142atno\u015b\u0107 elektroniczna<\/strong>&nbsp;\u2013 najbardziej wygodny i bardzo szybki spos\u00f3b realizacji zam\u00f3wienia. W godzinach roboczych \u015brodki na nasze konto&nbsp;zostan\u0105 przelane zazwyczaj natychmiastowo.<\/p>\n<p><strong>P\u0142atno\u015b\u0107 przelewem<\/strong>&nbsp;\u2013 czas realizacji zam\u00f3wienia jest uzale\u017cniony od momentu zaksi\u0119gowania wp\u0142aty. W zale\u017cno\u015bci od banku standardowo trwa to do dw\u00f3ch dni roboczych.<\/p>\n<p><strong>P\u0142atno\u015b\u0107 przy odbiorze<\/strong>&nbsp;\u2013 najszybsza forma p\u0142atno\u015bci, umo\u017cliwiaj\u0105ca natychmiastow\u0105 realizacj\u0119 zam\u00f3wienia. Nale\u017cy pami\u0119ta\u0107, \u017ce jest ona r\u00f3wnie\u017c obci\u0105\u017cona dodatkowymi kosztami dostawy.<\/p>\n<h5><br><\/h5><h5><b>Forma dostawy<\/b><\/h5>\n<p>Firma kurierska umo\u017cliwia dostarczenie zam\u00f3wienia zazwyczaj w 1-2 dni robocze od nadania.<\/p>\t\t\t\t\t\t\t\t<\/div>\n\t\t\t\t<\/div>\n\t\t\t\t\t<\/div>\n\t\t\t\t<\/div>\n\t\t\t\t<\/div>","protected":false},"excerpt":{"rendered":"<p>Polityka prywatno\u015bci SPOS\u00d3B DOSTAWY PRZEDP\u0141ATA( P\u0141ATNO\u015a\u0106 ONLINE) POBRANIE CZAS DOSTARCZENIA Paczkomaty 16,00 z\u0142 \u2013 &nbsp;48h Kurier Inpost 18,00 z\u0142 25,00 z\u0142 24h Czas realizacji zam\u00f3wienia Natychmiast po z\u0142o\u017ceniu przez Ciebie zam\u00f3wienia otrzymasz e-mail z potwierdzeniem z\u0142o\u017conego zam\u00f3wienia i linkiem, w kt\u00f3ry nale\u017cy klikn\u0105\u0107. Po otrzymaniu akceptacji zam\u00f3wienia rozpoczynamy jego realizacj\u0119, a Ty b\u0119dziesz na bie\u017c\u0105co [&hellip;]<\/p>\n","protected":false},"author":1,"featured_media":0,"parent":0,"menu_order":0,"comment_status":"closed","ping_status":"closed","template":"","meta":{"site-sidebar-layout":"no-sidebar","site-content-layout":"","ast-site-content-layout":"full-width-container","site-content-style":"default","site-sidebar-style":"default","ast-global-header-display":"","ast-banner-title-visibility":"","ast-main-header-display":"","ast-hfb-above-header-display":"","ast-hfb-below-header-display":"","ast-hfb-mobile-header-display":"","site-post-title":"disabled","ast-breadcrumbs-content":"","ast-featured-img":"disabled","footer-sml-layout":"","ast-disable-related-posts":"","theme-transparent-header-meta":"","adv-header-id-meta":"","stick-header-meta":"","header-above-stick-meta":"","header-main-stick-meta":"","header-below-stick-meta":"","astra-migrate-meta-layouts":"default","ast-page-background-enabled":"default","ast-page-background-meta":{"desktop":{"background-color":"var(--ast-global-color-4)","background-image":"","background-repeat":"repeat","background-position":"center center","background-size":"auto","background-attachment":"scroll","background-type":"","background-media":"","overlay-type":"","overlay-color":"","overlay-opacity":"","overlay-gradient":""},"tablet":{"background-color":"","background-image":"","background-repeat":"repeat","background-position":"center center","background-size":"auto","background-attachment":"scroll","background-type":"","background-media":"","overlay-type":"","overlay-color":"","overlay-opacity":"","overlay-gradient":""},"mobile":{"background-color":"","background-image":"","background-repeat":"repeat","background-position":"center center","background-size":"auto","background-attachment":"scroll","background-type":"","background-media":"","overlay-type":"","overlay-color":"","overlay-opacity":"","overlay-gradient":""}},"ast-content-background-meta":{"desktop":{"background-color":"var(--ast-global-color-5)","background-image":"","background-repeat":"repeat","background-position":"center center","background-size":"auto","background-attachment":"scroll","background-type":"","background-media":"","overlay-type":"","overlay-color":"","overlay-opacity":"","overlay-gradient":""},"tablet":{"background-color":"var(--ast-global-color-5)","background-image":"","background-repeat":"repeat","background-position":"center center","background-size":"auto","background-attachment":"scroll","background-type":"","background-media":"","overlay-type":"","overlay-color":"","overlay-opacity":"","overlay-gradient":""},"mobile":{"background-color":"var(--ast-global-color-5)","background-image":"","background-repeat":"repeat","background-position":"center center","background-size":"auto","background-attachment":"scroll","background-type":"","background-media":"","overlay-type":"","overlay-color":"","overlay-opacity":"","overlay-gradient":""}},"footnotes":""},"class_list":["post-109","page","type-page","status-publish","hentry"],"_links":{"self":[{"href":"https:\/\/ekonamaksa.pl\/en\/wp-json\/wp\/v2\/pages\/109","targetHints":{"allow":["GET"]}}],"collection":[{"href":"https:\/\/ekonamaksa.pl\/en\/wp-json\/wp\/v2\/pages"}],"about":[{"href":"https:\/\/ekonamaksa.pl\/en\/wp-json\/wp\/v2\/types\/page"}],"author":[{"embeddable":true,"href":"https:\/\/ekonamaksa.pl\/en\/wp-json\/wp\/v2\/users\/1"}],"replies":[{"embeddable":true,"href":"https:\/\/ekonamaksa.pl\/en\/wp-json\/wp\/v2\/comments?post=109"}],"version-history":[{"count":12,"href":"https:\/\/ekonamaksa.pl\/en\/wp-json\/wp\/v2\/pages\/109\/revisions"}],"predecessor-version":[{"id":958,"href":"https:\/\/ekonamaksa.pl\/en\/wp-json\/wp\/v2\/pages\/109\/revisions\/958"}],"wp:attachment":[{"href":"https:\/\/ekonamaksa.pl\/en\/wp-json\/wp\/v2\/media?parent=109"}],"curies":[{"name":"wp","href":"https:\/\/api.w.org\/{rel}","templated":true}]}}